{"id":590,"date":"2023-01-26T16:16:37","date_gmt":"2023-01-26T15:16:37","guid":{"rendered":"https:\/\/www.martini-interiors.com\/?page_id=590"},"modified":"2023-04-17T18:22:07","modified_gmt":"2023-04-17T16:22:07","slug":"cataloghi-in-pdf","status":"publish","type":"page","link":"https:\/\/www.martini-interiors.com\/fr\/area-professionisti\/cataloghi-in-pdf\/","title":{"rendered":"Catalogues in PDF"},"content":{"rendered":"Vous devez \u00eatre connect\u00e9 pour voir ce contenu.","protected":false},"excerpt":{"rendered":"Vous devez \u00eatre connect\u00e9 pour voir ce contenu.","protected":false},"author":1,"featured_media":838,"parent":48,"menu_order":7,"comment_status":"closed","ping_status":"closed","template":"cataloghi.php","meta":{"footnotes":""},"class_list":["post-590","page","type-page","status-publish","has-post-thumbnail","hentry"],"acf":[],"_links":{"self":[{"href":"https:\/\/www.martini-interiors.com\/fr\/wp-json\/wp\/v2\/pages\/590","targetHints":{"allow":["GET"]}}],"collection":[{"href":"https:\/\/www.martini-interiors.com\/fr\/wp-json\/wp\/v2\/pages"}],"about":[{"href":"https:\/\/www.martini-interiors.com\/fr\/wp-json\/wp\/v2\/types\/page"}],"author":[{"embeddable":true,"href":"https:\/\/www.martini-interiors.com\/fr\/wp-json\/wp\/v2\/users\/1"}],"replies":[{"embeddable":true,"href":"https:\/\/www.martini-interiors.com\/fr\/wp-json\/wp\/v2\/comments?post=590"}],"version-history":[{"count":8,"href":"https:\/\/www.martini-interiors.com\/fr\/wp-json\/wp\/v2\/pages\/590\/revisions"}],"predecessor-version":[{"id":1065,"href":"https:\/\/www.martini-interiors.com\/fr\/wp-json\/wp\/v2\/pages\/590\/revisions\/1065"}],"up":[{"embeddable":true,"href":"https:\/\/www.martini-interiors.com\/fr\/wp-json\/wp\/v2\/pages\/48"}],"wp:featuredmedia":[{"embeddable":true,"href":"https:\/\/www.martini-interiors.com\/fr\/wp-json\/wp\/v2\/media\/838"}],"wp:attachment":[{"href":"https:\/\/www.martini-interiors.com\/fr\/wp-json\/wp\/v2\/media?parent=590"}],"curies":[{"name":"wp","href":"https:\/\/api.w.org\/{rel}","templated":true}]}}