{"id":42,"date":"2023-01-16T11:38:59","date_gmt":"2023-01-16T10:38:59","guid":{"rendered":"https:\/\/www.martini-interiors.com\/?page_id=42"},"modified":"2023-11-22T17:13:47","modified_gmt":"2023-11-22T16:13:47","slug":"sostenibilita","status":"publish","type":"page","link":"https:\/\/www.martini-interiors.com\/fr\/about\/sostenibilita\/","title":{"rendered":"Durabilit\u00e9"},"content":{"rendered":"<p><\/p>\n<h3>Nous concevons pour durer<\/h3>\n<blockquote><p><em>Nos meubles sont con\u00e7us et construits pour durer, de mani\u00e8re r\u00e9sistante, stable et s\u00fbre, r\u00e9duisant consid\u00e9rablement le mat\u00e9riel \u00e0 \u00e9liminer.<\/em><\/p><\/blockquote>\n<h3>Nous aidons la pens\u00e9e durable<\/h3>\n<blockquote><p><em>Nous accompagnons le client sur un chemin de prise de conscience dans le choix du mobilier qui fera partie de son espace de vie.<\/em><\/p><\/blockquote>\n<h3>Nous utilisons des bois durables<\/h3>\n<blockquote><p><em>Les bois utilis\u00e9s proviennent majoritairement de zones rebois\u00e9es de mani\u00e8re contr\u00f4l\u00e9e pour pr\u00e9server le patrimoine naturel.<\/em><\/p><\/blockquote>\n<h3>Nous utilisons des panneaux durables<\/h3>\n<blockquote><p><em>Les panneaux sont de classe \u00e9cologique \u00e9lev\u00e9e soit par leur nature (Multicouche et Blockboard) soit par choix en classe E0.<\/em><\/p><\/blockquote>\n<h3>Nous utilisons des finitions \u00e0 faible impact environnemental<\/h3>\n<blockquote><p><em>Principalement \u00e0 base d&rsquo;eau, dont nous faisons toujours la promotion lors des discussions avec notre client.<\/em><\/p><\/blockquote>\n<h3>Nous utilisons un \u00e9clairage basse consommation<\/h3>\n<blockquote><p><em>Dans nos projets, nous utilisons toujours la lumi\u00e8re LED, ce qui nous permet de r\u00e9duire la consommation d&rsquo;\u00e9nergie de 80 % par rapport aux ampoules traditionnelles, r\u00e9duisant \u00e9galement les co\u00fbts et les \u00e9missions de CO2.<\/em><\/p><\/blockquote>\n<h3>Nous r\u00e9utilisons nos d\u00e9chets<\/h3>\n<blockquote><p><em>Les d\u00e9chets de bois sont r\u00e9cup\u00e9r\u00e9s pour une nouvelle utilisation dans la production de granul\u00e9s ou de panneaux.<\/em><\/p><\/blockquote>\n<h3>Nous soutenons le territoire<\/h3>\n<blockquote><p><em>Presque tous nos fournisseurs sont situ\u00e9s \u00e0 moins de 30 km de notre si\u00e8ge social. Cela nous permet de r\u00e9duire les \u00e9missions dues au transport et de soutenir les entreprises locales.<\/em><\/p><\/blockquote>\n<h3>Nous ne gaspillons pas<\/h3>\n<blockquote><p><em>Nos achats ne comprennent pas les stocks, mais se font uniquement sur la base du projet qui doit \u00eatre mis en \u0153uvre selon la logique Just in Time.<\/em><\/p>\n<p><em>Nous nous engageons en permanence \u00e0 rechercher des mat\u00e9riaux nouveaux et alternatifs, qui peuvent avoir un faible impact sur l&rsquo;environnement.<\/em><\/p><\/blockquote>\n<p><\/p>","protected":false},"excerpt":{"rendered":"<p>Nous concevons pour durer Nos meubles sont con\u00e7us et construits pour durer, de mani\u00e8re r\u00e9sistante, stable et s\u00fbre, r\u00e9duisant consid\u00e9rablement le mat\u00e9riel \u00e0 \u00e9liminer. Nous aidons la pens\u00e9e durable Nous accompagnons le client sur un chemin de prise de conscience dans le choix du mobilier qui fera partie de son espace de vie. Nous utilisons [&hellip;]<\/p>\n","protected":false},"author":1,"featured_media":0,"parent":8,"menu_order":19,"comment_status":"closed","ping_status":"closed","template":"about-gallery.php","meta":{"footnotes":""},"class_list":["post-42","page","type-page","status-publish","hentry"],"acf":[],"_links":{"self":[{"href":"https:\/\/www.martini-interiors.com\/fr\/wp-json\/wp\/v2\/pages\/42","targetHints":{"allow":["GET"]}}],"collection":[{"href":"https:\/\/www.martini-interiors.com\/fr\/wp-json\/wp\/v2\/pages"}],"about":[{"href":"https:\/\/www.martini-interiors.com\/fr\/wp-json\/wp\/v2\/types\/page"}],"author":[{"embeddable":true,"href":"https:\/\/www.martini-interiors.com\/fr\/wp-json\/wp\/v2\/users\/1"}],"replies":[{"embeddable":true,"href":"https:\/\/www.martini-interiors.com\/fr\/wp-json\/wp\/v2\/comments?post=42"}],"version-history":[{"count":32,"href":"https:\/\/www.martini-interiors.com\/fr\/wp-json\/wp\/v2\/pages\/42\/revisions"}],"predecessor-version":[{"id":1321,"href":"https:\/\/www.martini-interiors.com\/fr\/wp-json\/wp\/v2\/pages\/42\/revisions\/1321"}],"up":[{"embeddable":true,"href":"https:\/\/www.martini-interiors.com\/fr\/wp-json\/wp\/v2\/pages\/8"}],"wp:attachment":[{"href":"https:\/\/www.martini-interiors.com\/fr\/wp-json\/wp\/v2\/media?parent=42"}],"curies":[{"name":"wp","href":"https:\/\/api.w.org\/{rel}","templated":true}]}}