{"id":40,"date":"2023-01-16T11:38:40","date_gmt":"2023-01-16T10:38:40","guid":{"rendered":"https:\/\/www.martini-interiors.com\/?page_id=40"},"modified":"2023-11-30T12:05:55","modified_gmt":"2023-11-30T11:05:55","slug":"italian-bespoke-kitchens-factory","status":"publish","type":"page","link":"https:\/\/www.martini-interiors.com\/fr\/about\/italian-bespoke-kitchens-factory\/","title":{"rendered":"Usine de cuisines de lux"},"content":{"rendered":"<p><\/p>\n<h3>Usine de cuisines de lux, Fabriqu\u00e9 en Italie<\/h3>\n<p>Notre usine artisanale dans la r\u00e9gion du meuble de V\u00e9rone est un centre d&rsquo;excellence o\u00f9 des artisans hautement exp\u00e9riment\u00e9s combinent leurs comp\u00e9tences avec la pr\u00e9cision d\u00e9rivant de la technologie la plus innovante. Des hommes et des femmes ont transmis aux nouvelles g\u00e9n\u00e9rations avec passion toutes les techniques qui caract\u00e9risent le savoir-faire italien et v\u00e9ronais depuis des ann\u00e9es.<\/p>\n<p>Dans le laboratoire, les formes et les proportions sont test\u00e9es pour proposer constamment de nouvelles possibilit\u00e9s d&rsquo;ameublement.<\/p>\n<p>Gr\u00e2ce au laboratoire interne, nous pouvons offrir des possibilit\u00e9s de personnalisation infinies, de l&rsquo;incrustation \u00e0 la sculpture, des formes les plus innovantes \u00e0 la combinaison de diff\u00e9rents mat\u00e9riaux.<\/p>\n<p>La production interne nous permet de contr\u00f4ler constamment le produit, qui est toujours pr\u00e9-assembl\u00e9 brut, afin d&rsquo;analyser avec pr\u00e9cision chaque d\u00e9tail et d&rsquo;apporter toutes les am\u00e9liorations n\u00e9cessaires.<\/p>\n<p>Enfin, nous gardons une trace de chaque projet et composition, gr\u00e2ce \u00e0 un \u00e9chantillon de r\u00e9f\u00e9rence que nous conservons dans nos archives, v\u00e9ritable synonyme de garantie.<\/p>","protected":false},"excerpt":{"rendered":"<p>Usine de cuisines de lux, Fabriqu\u00e9 en Italie Notre usine artisanale dans la r\u00e9gion du meuble de V\u00e9rone est un centre d&rsquo;excellence o\u00f9 des artisans hautement exp\u00e9riment\u00e9s combinent leurs comp\u00e9tences avec la pr\u00e9cision d\u00e9rivant de la technologie la plus innovante. Des hommes et des femmes ont transmis aux nouvelles g\u00e9n\u00e9rations avec passion toutes les techniques [&hellip;]<\/p>\n","protected":false},"author":1,"featured_media":0,"parent":8,"menu_order":11,"comment_status":"closed","ping_status":"closed","template":"about-gallery.php","meta":{"footnotes":""},"class_list":["post-40","page","type-page","status-publish","hentry"],"acf":[],"_links":{"self":[{"href":"https:\/\/www.martini-interiors.com\/fr\/wp-json\/wp\/v2\/pages\/40","targetHints":{"allow":["GET"]}}],"collection":[{"href":"https:\/\/www.martini-interiors.com\/fr\/wp-json\/wp\/v2\/pages"}],"about":[{"href":"https:\/\/www.martini-interiors.com\/fr\/wp-json\/wp\/v2\/types\/page"}],"author":[{"embeddable":true,"href":"https:\/\/www.martini-interiors.com\/fr\/wp-json\/wp\/v2\/users\/1"}],"replies":[{"embeddable":true,"href":"https:\/\/www.martini-interiors.com\/fr\/wp-json\/wp\/v2\/comments?post=40"}],"version-history":[{"count":14,"href":"https:\/\/www.martini-interiors.com\/fr\/wp-json\/wp\/v2\/pages\/40\/revisions"}],"predecessor-version":[{"id":2819,"href":"https:\/\/www.martini-interiors.com\/fr\/wp-json\/wp\/v2\/pages\/40\/revisions\/2819"}],"up":[{"embeddable":true,"href":"https:\/\/www.martini-interiors.com\/fr\/wp-json\/wp\/v2\/pages\/8"}],"wp:attachment":[{"href":"https:\/\/www.martini-interiors.com\/fr\/wp-json\/wp\/v2\/media?parent=40"}],"curies":[{"name":"wp","href":"https:\/\/api.w.org\/{rel}","templated":true}]}}