{"id":35,"date":"2023-01-16T11:37:38","date_gmt":"2023-01-16T10:37:38","guid":{"rendered":"https:\/\/www.martini-interiors.com\/?page_id=35"},"modified":"2023-12-01T15:17:57","modified_gmt":"2023-12-01T14:17:57","slug":"history","status":"publish","type":"page","link":"https:\/\/www.martini-interiors.com\/fr\/about\/history\/","title":{"rendered":"Innovation"},"content":{"rendered":"<p><\/p>\n<h3>Tradition et innovation: une entreprise familiale<\/h3>\n<blockquote><p><em>La tradition qui rend l&rsquo;innovation possible, la longue histoire de Martini Interiors.<\/em><\/p><\/blockquote>\n<p><strong>1965: L&rsquo;inspiration de la famille italienne<\/strong><br \/>\nC&rsquo;est en 1965 que Giorgio Martini, gr\u00e2ce au soutien de son p\u00e8re, construit le premier atelier artisanal \u00e0 Bovolone, au c\u0153ur du quartier du meuble v\u00e9ronais. Gr\u00e2ce \u00e0 ses mains habiles et \u00e0 son regard tourn\u00e9 vers l&rsquo;avenir, Martini Mobili est rapidement devenu le point de r\u00e9f\u00e9rence local pour la production de meubles classiques de haute qualit\u00e9.<\/p>\n<p><strong>1975: La personnalisation comme jalon<\/strong><br \/>\nMartini a rapidement ressenti le besoin d&rsquo;offrir \u00e0 ses clients, alors uniquement italiens, des produits personnalis\u00e9s. Ainsi d\u00e9bute la production de mobilier sur mesure pour les espaces jour et nuit tels que penderies, biblioth\u00e8ques, lambris.<br \/>\nDes collaborations avec des studios d&rsquo;architecture et de conception de produits faisant autorit\u00e9 ont commenc\u00e9 au cours de ces ann\u00e9es, dans le but de rendre les compositions Martini toujours plus spectaculaires et attrayantes.<\/p>\n<p><strong>1984: Les cuisines : la maison s&rsquo;ouvre aux h\u00f4tes<\/strong><br \/>\nLes nouvelles tendances en termes de style d\u00e9finissent l&rsquo;espace ouvert comme un nouvel environnement dans la maison, la cuisine devient rapidement un \u00e9l\u00e9ment fondamental du mobilier, \u00e0 montrer au client. \u00c0 partir de cette pr\u00e9misse, Martini commence le chemin vers la conception et la production<br \/>\nde cuisines personnalis\u00e9es, qui peuvent \u00eatre combin\u00e9es avec l&rsquo;ameublement.<\/p>\n<p><strong>1995: Une nouvelle g\u00e9n\u00e9ration, un nouveau business model<\/strong><br \/>\nL&rsquo;entr\u00e9e progressive de la deuxi\u00e8me g\u00e9n\u00e9ration dans l&rsquo;entreprise apporte \u00e0 Martini une vigueur nouvelle et renouvel\u00e9e, qui se transforme rapidement en une impulsion \u00e0 l&rsquo;exportation. Peu \u00e0 peu la production s&rsquo;oriente vers le luxe, ce sont les ann\u00e9es de l&rsquo;introduction de mod\u00e8les qui feront bient\u00f4t l&rsquo;histoire de l&rsquo;entreprise : Tosca, Aida et Oliver&rsquo;s House.<\/p>\n<p><strong>2010: Total vivant<\/strong><br \/>\nLa vie totale est devenue de plus en plus concr\u00e8te et tangible. L&rsquo;\u00e9volution est continue : \u00e9largissement de la gamme de produits, nouveaux catalogues, dans le souci constant de r\u00e9pondre au go\u00fbt d&rsquo;une client\u00e8le de plus en plus attentive, raffin\u00e9e et avertie.<br \/>\nFid\u00e8le au principe d&rsquo;adaptation et de personnalisation, Martini a \u00e9tendu sa sph\u00e8re op\u00e9rationnelle au secteur du contrat r\u00e9sidentiel. Cette nouvelle phase a rendu Martini encore plus ductile, flexible et capable de satisfaire toutes les exigences d&rsquo;ameublement.<\/p>\n<p><strong>Pr\u00e9sent: Le prestige de l&rsquo;offre et le service complet<\/strong><br \/>\nDe nos jours, Martini se distingue par la cr\u00e9ation de meubles complets. Ces derni\u00e8res ann\u00e9es, nous nous sommes concentr\u00e9s sur le service cl\u00e9 en main, red\u00e9finissant le concept de design de mani\u00e8re innovante.<br \/>\nEn 2018, le Verona Flagship Store a \u00e9t\u00e9 inaugur\u00e9, l&rsquo;extraordinaire et insolite studio de design et showroom de l&rsquo;entreprise au centre de V\u00e9rone. Dans cet espace, le client est mis en contact direct avec l&rsquo;entreprise, afin de garantir une efficacit\u00e9 maximale dans la conception et la mise en \u0153uvre.<\/p>","protected":false},"excerpt":{"rendered":"<p>Tradition et innovation: une entreprise familiale La tradition qui rend l&rsquo;innovation possible, la longue histoire de Martini Interiors. 1965: L&rsquo;inspiration de la famille italienne C&rsquo;est en 1965 que Giorgio Martini, gr\u00e2ce au soutien de son p\u00e8re, construit le premier atelier artisanal \u00e0 Bovolone, au c\u0153ur du quartier du meuble v\u00e9ronais. Gr\u00e2ce \u00e0 ses mains habiles [&hellip;]<\/p>\n","protected":false},"author":1,"featured_media":0,"parent":8,"menu_order":20,"comment_status":"closed","ping_status":"closed","template":"about-gallery.php","meta":{"footnotes":""},"class_list":["post-35","page","type-page","status-publish","hentry"],"acf":[],"_links":{"self":[{"href":"https:\/\/www.martini-interiors.com\/fr\/wp-json\/wp\/v2\/pages\/35","targetHints":{"allow":["GET"]}}],"collection":[{"href":"https:\/\/www.martini-interiors.com\/fr\/wp-json\/wp\/v2\/pages"}],"about":[{"href":"https:\/\/www.martini-interiors.com\/fr\/wp-json\/wp\/v2\/types\/page"}],"author":[{"embeddable":true,"href":"https:\/\/www.martini-interiors.com\/fr\/wp-json\/wp\/v2\/users\/1"}],"replies":[{"embeddable":true,"href":"https:\/\/www.martini-interiors.com\/fr\/wp-json\/wp\/v2\/comments?post=35"}],"version-history":[{"count":17,"href":"https:\/\/www.martini-interiors.com\/fr\/wp-json\/wp\/v2\/pages\/35\/revisions"}],"predecessor-version":[{"id":2926,"href":"https:\/\/www.martini-interiors.com\/fr\/wp-json\/wp\/v2\/pages\/35\/revisions\/2926"}],"up":[{"embeddable":true,"href":"https:\/\/www.martini-interiors.com\/fr\/wp-json\/wp\/v2\/pages\/8"}],"wp:attachment":[{"href":"https:\/\/www.martini-interiors.com\/fr\/wp-json\/wp\/v2\/media?parent=35"}],"curies":[{"name":"wp","href":"https:\/\/api.w.org\/{rel}","templated":true}]}}