{"id":33,"date":"2023-01-16T11:37:15","date_gmt":"2023-01-16T10:37:15","guid":{"rendered":"https:\/\/www.martini-interiors.com\/?page_id=33"},"modified":"2024-02-29T09:56:51","modified_gmt":"2024-02-29T08:56:51","slug":"mission","status":"publish","type":"page","link":"https:\/\/www.martini-interiors.com\/fr\/about\/mission\/","title":{"rendered":"Mission"},"content":{"rendered":"<p><\/p>\n<blockquote><p><em>Nous vous aidons \u00e0 raconter votre histoire, en cuisine.<\/em><\/p><\/blockquote>\n<p>La cuisine est un lieu magique o\u00f9 les relations deviennent intimes, o\u00f9 chacun peut enlever le bouclier et s&rsquo;ouvrir aux amis.<br \/>\nNous vous aidons \u00e0 raconter votre histoire, \u00e0 rendre perceptibles et tangibles votre raffinement et votre \u00e9l\u00e9gance \u00e0 travers des cuisines prestigieuses et de grande qualit\u00e9, capables d&rsquo;exprimer votre singularit\u00e9.<\/p>\n<p><strong>Design personalis\u00e9<\/strong><br \/>\nConcevoir de mani\u00e8re personnalis\u00e9e signifie adapter le style, les mat\u00e9riaux, le budget aux besoins du client. Nos designers experts savent identifier les meilleures solutions en termes esth\u00e9tiques et fonctionnels, en accordant toujours une attention particuli\u00e8re aux aspects li\u00e9s \u00e0 la qualit\u00e9 intrins\u00e8que du produit meuble.<\/p>\n<p><strong>S\u00e9lection des mat\u00e9riaux<\/strong><br \/>\nBois massif, panneaux de bois, adh\u00e9sifs et vernis, m\u00e9tal, verre et tissu. Les meubles Martini sont constitu\u00e9s d&rsquo;une s\u00e9rie infinie de mat\u00e9riaux diff\u00e9rents, pour la s\u00e9lection desquels il est n\u00e9cessaire de faire appel \u00e0 toute l&rsquo;exp\u00e9rience et au savoir-faire de nos artisans et designers.<\/p>\n<p><strong>Processus de fabrication interne<\/strong><br \/>\nChaque \u00e9l\u00e9ment Martini est fabriqu\u00e9 dans les usines de V\u00e9rone, en Italie.<br \/>\nCela nous permet de contr\u00f4ler le processus de production \u00e0 tout moment, ne laissant aucun d\u00e9tail non r\u00e9solu. Gr\u00e2ce \u00e0 notre laboratoire, nous pouvons cr\u00e9er des formes et des finitions uniques.<\/p>\n<p><strong>Assemblage brut<\/strong><br \/>\nUn meuble sur mesure doit \u00eatre test\u00e9 et essay\u00e9 en interne, avant la phase de finition et la livraison ult\u00e9rieure. Chaque meuble Martini est assembl\u00e9 brut et num\u00e9rot\u00e9, afin d&rsquo;\u00eatre absolument s\u00fbr de la qualit\u00e9 de l&rsquo;installation finale et de faciliter le travail de montage.<\/p>\n<p><strong>Exemple d&rsquo;archive<\/strong><br \/>\nLa garantie offerte par Martini est repr\u00e9sent\u00e9e par la conservation dans une archive de chaque \u00e9chantillon r\u00e9alis\u00e9 pour chaque composition. Cela permet la parfaite r\u00e9plicabilit\u00e9 des \u00e9l\u00e9ments en cas de dommages accidentels, et la possibilit\u00e9 absolue d&rsquo;expansion future.<\/p>","protected":false},"excerpt":{"rendered":"<p>Nous vous aidons \u00e0 raconter votre histoire, en cuisine. La cuisine est un lieu magique o\u00f9 les relations deviennent intimes, o\u00f9 chacun peut enlever le bouclier et s&rsquo;ouvrir aux amis. Nous vous aidons \u00e0 raconter votre histoire, \u00e0 rendre perceptibles et tangibles votre raffinement et votre \u00e9l\u00e9gance \u00e0 travers des cuisines prestigieuses et de grande [&hellip;]<\/p>\n","protected":false},"author":1,"featured_media":0,"parent":8,"menu_order":15,"comment_status":"closed","ping_status":"closed","template":"about-gallery.php","meta":{"footnotes":""},"class_list":["post-33","page","type-page","status-publish","hentry"],"acf":[],"_links":{"self":[{"href":"https:\/\/www.martini-interiors.com\/fr\/wp-json\/wp\/v2\/pages\/33","targetHints":{"allow":["GET"]}}],"collection":[{"href":"https:\/\/www.martini-interiors.com\/fr\/wp-json\/wp\/v2\/pages"}],"about":[{"href":"https:\/\/www.martini-interiors.com\/fr\/wp-json\/wp\/v2\/types\/page"}],"author":[{"embeddable":true,"href":"https:\/\/www.martini-interiors.com\/fr\/wp-json\/wp\/v2\/users\/1"}],"replies":[{"embeddable":true,"href":"https:\/\/www.martini-interiors.com\/fr\/wp-json\/wp\/v2\/comments?post=33"}],"version-history":[{"count":21,"href":"https:\/\/www.martini-interiors.com\/fr\/wp-json\/wp\/v2\/pages\/33\/revisions"}],"predecessor-version":[{"id":3120,"href":"https:\/\/www.martini-interiors.com\/fr\/wp-json\/wp\/v2\/pages\/33\/revisions\/3120"}],"up":[{"embeddable":true,"href":"https:\/\/www.martini-interiors.com\/fr\/wp-json\/wp\/v2\/pages\/8"}],"wp:attachment":[{"href":"https:\/\/www.martini-interiors.com\/fr\/wp-json\/wp\/v2\/media?parent=33"}],"curies":[{"name":"wp","href":"https:\/\/api.w.org\/{rel}","templated":true}]}}