{"id":10,"date":"2023-01-16T11:20:06","date_gmt":"2023-01-16T10:20:06","guid":{"rendered":"https:\/\/www.martini-interiors.com\/?page_id=10"},"modified":"2023-11-22T17:45:16","modified_gmt":"2023-11-22T16:45:16","slug":"verona-flagship-store","status":"publish","type":"page","link":"https:\/\/www.martini-interiors.com\/fr\/verona-flagship-store\/","title":{"rendered":"Boutique de V\u00e9rone"},"content":{"rendered":"<p>Le Martini Verona Flagship Store est le lieu o\u00f9 le projet de design d&rsquo;int\u00e9rieur prend vie et o\u00f9 l&rsquo;imagination rencontre des formes, des mat\u00e9riaux et des finitions cr\u00e9atifs.<\/p>\n<p>Au c\u0153ur de la charmante ville de V\u00e9rone, dans la prestigieuse villa du XVIIe si\u00e8cle de la Place Cittadella, nous pr\u00e9sentons nos nouveaux produits dans une salle d&rsquo;exposition \u00e9l\u00e9gante et raffin\u00e9e.<\/p>\n<p>Dans ce lieu prestigieux, nos architectes d&rsquo;int\u00e9rieur dialoguent avec l&rsquo;acqu\u00e9reur afin de d\u00e9finir et de cr\u00e9er le projet d&rsquo;am\u00e9nagement int\u00e9rieur. Dans notre biblioth\u00e8que de mat\u00e9riaux, l&rsquo;id\u00e9e peut trouver sa concr\u00e9tisation dans une s\u00e9rie infinie de combinaisons et de mat\u00e9riaux.<\/p>","protected":false},"excerpt":{"rendered":"<p>Le Martini Verona Flagship Store est le lieu o\u00f9 le projet de design d&rsquo;int\u00e9rieur prend vie et o\u00f9 l&rsquo;imagination rencontre des formes, des mat\u00e9riaux et des finitions cr\u00e9atifs. Au c\u0153ur de la charmante ville de V\u00e9rone, dans la prestigieuse villa du XVIIe si\u00e8cle de la Place Cittadella, nous pr\u00e9sentons nos nouveaux produits dans une salle [&hellip;]<\/p>\n","protected":false},"author":1,"featured_media":0,"parent":0,"menu_order":21,"comment_status":"closed","ping_status":"closed","template":"about-gallery.php","meta":{"footnotes":""},"class_list":["post-10","page","type-page","status-publish","hentry"],"acf":[],"_links":{"self":[{"href":"https:\/\/www.martini-interiors.com\/fr\/wp-json\/wp\/v2\/pages\/10","targetHints":{"allow":["GET"]}}],"collection":[{"href":"https:\/\/www.martini-interiors.com\/fr\/wp-json\/wp\/v2\/pages"}],"about":[{"href":"https:\/\/www.martini-interiors.com\/fr\/wp-json\/wp\/v2\/types\/page"}],"author":[{"embeddable":true,"href":"https:\/\/www.martini-interiors.com\/fr\/wp-json\/wp\/v2\/users\/1"}],"replies":[{"embeddable":true,"href":"https:\/\/www.martini-interiors.com\/fr\/wp-json\/wp\/v2\/comments?post=10"}],"version-history":[{"count":21,"href":"https:\/\/www.martini-interiors.com\/fr\/wp-json\/wp\/v2\/pages\/10\/revisions"}],"predecessor-version":[{"id":1310,"href":"https:\/\/www.martini-interiors.com\/fr\/wp-json\/wp\/v2\/pages\/10\/revisions\/1310"}],"wp:attachment":[{"href":"https:\/\/www.martini-interiors.com\/fr\/wp-json\/wp\/v2\/media?parent=10"}],"curies":[{"name":"wp","href":"https:\/\/api.w.org\/{rel}","templated":true}]}}